{"id":268,"date":"2019-02-12T13:03:08","date_gmt":"2019-02-12T12:03:08","guid":{"rendered":"http:\/\/www.bloggerjobs.de\/blog\/?page_id=268"},"modified":"2019-03-21T15:35:19","modified_gmt":"2019-03-21T14:35:19","slug":"blog-lexikon","status":"publish","type":"page","link":"https:\/\/www.bloggerjobs.de\/blog\/blog-lexikon\/","title":{"rendered":"Blog Lexikon &#8211; Wissen rund ums Thema Blogs und Bloggen"},"content":{"rendered":"<p><img loading=\"lazy\" decoding=\"async\" src=\"https:\/\/www.bloggerjobs.de\/blog\/wp-content\/uploads\/blogger-lexikon.gif\" alt=\"Blogger Lexikon\" width=\"299\" height=\"158\" class=\"alignnone size-full wp-image-270\" \/><br \/>\nEinen Blog zu betreiben ist auch in Deutschland f\u00fcr immer mehr Menschen eine beliebte Freizeitbesch\u00e4ftigung. Sch\u00e4tzungsweise eine viertel Million Deutsche bloggen bereits. Doch wie so oft, wo Technik, Software und eine Commmunity aus Menschen aufeinander treffen, bildet sich eine eigene Sprache und eigene Begriffe heraus, die f\u00fcr &#8222;nicht Blogger&#8220; oder Internetneulinge fremd sind. Wir haben daher f\u00fcr alle die rund ums Thema &#8222;Bloggen&#8220; bisher nur &#8222;Bahnhof&#8220; verstehen ein kleines Blog-Lexikon erstellt. F\u00fcr Vorschl\u00e4ge zu neuen Themen und Begriffen sind wir jederzeit dankbar.<\/p>\n<p><strong><a href=\"https:\/\/www.bloggerjobs.de\/blog\/lexikon-a\/\">A<\/a> | <a href=\"https:\/\/www.bloggerjobs.de\/blog\/lexikon-b\/\">B<\/a> | <a href=\"https:\/\/www.bloggerjobs.de\/blog\/lexikon-c\/\">C<\/a> | D | <a href=\"https:\/\/www.bloggerjobs.de\/blog\/lexikon-g\/\">G<\/a> | <a href=\"https:\/\/www.bloggerjobs.de\/blog\/lexikon-i\/\">I<\/a> | <a href=\"https:\/\/www.bloggerjobs.de\/blog\/lexikon-l\/\">L<\/a> | <a href=\"https:\/\/www.bloggerjobs.de\/blog\/lexikon-m\/\">M<\/a> | <a href=\"https:\/\/www.bloggerjobs.de\/blog\/lexikon-n\/\">N<\/a> | O | <a href=\"https:\/\/www.bloggerjobs.de\/blog\/bloglexikon-p\/\">P<\/a> | Q | <a href=\"https:\/\/www.bloggerjobs.de\/blog\/lexikon-r\/\">R<\/a> | <a href=\"https:\/\/www.bloggerjobs.de\/blog\/bloglexikon-s\/\">S<\/a> | <a href=\"https:\/\/www.bloggerjobs.de\/blog\/lexikon-t\/\">T<\/a> | U | <a href=\"https:\/\/www.bloggerjobs.de\/blog\/bloglexikon-v\/\">V<\/a> | W | X | Y | <a href=\"https:\/\/www.bloggerjobs.de\/blog\/bloglexikon-z\/\">Z<\/a><\/strong><\/p>\n<p>Sie meinen, dass ein wichtiger Begriff im Blog-Lexikon fehlt?\u00a0Dann z\u00f6gern Sie nicht uns Ihren Vorschlag mitzuteilen!<\/p>\n","protected":false},"excerpt":{"rendered":"<p>Einen Blog zu betreiben ist auch in Deutschland f\u00fcr immer mehr Menschen eine beliebte Freizeitbesch\u00e4ftigung. Sch\u00e4tzungsweise eine viertel Million Deutsche bloggen bereits. Doch wie so oft, wo Technik, Software und&hellip;<\/p>\n","protected":false},"author":1,"featured_media":0,"parent":0,"menu_order":0,"comment_status":"open","ping_status":"closed","template":"","meta":{"footnotes":""},"class_list":["post-268","page","type-page","status-publish","hentry","no-post-thumbnail"],"aioseo_notices":[],"jetpack_shortlink":"https:\/\/wp.me\/P4h82L-4k","_links":{"self":[{"href":"https:\/\/www.bloggerjobs.de\/blog\/wp-json\/wp\/v2\/pages\/268","targetHints":{"allow":["GET"]}}],"collection":[{"href":"https:\/\/www.bloggerjobs.de\/blog\/wp-json\/wp\/v2\/pages"}],"about":[{"href":"https:\/\/www.bloggerjobs.de\/blog\/wp-json\/wp\/v2\/types\/page"}],"author":[{"embeddable":true,"href":"https:\/\/www.bloggerjobs.de\/blog\/wp-json\/wp\/v2\/users\/1"}],"replies":[{"embeddable":true,"href":"https:\/\/www.bloggerjobs.de\/blog\/wp-json\/wp\/v2\/comments?post=268"}],"version-history":[{"count":0,"href":"https:\/\/www.bloggerjobs.de\/blog\/wp-json\/wp\/v2\/pages\/268\/revisions"}],"wp:attachment":[{"href":"https:\/\/www.bloggerjobs.de\/blog\/wp-json\/wp\/v2\/media?parent=268"}],"curies":[{"name":"wp","href":"https:\/\/api.w.org\/{rel}","templated":true}]}}