{"id":272,"date":"2019-01-23T15:05:05","date_gmt":"2019-01-23T14:05:05","guid":{"rendered":"http:\/\/www.bloggerjobs.de\/blog\/?page_id=272"},"modified":"2019-03-21T15:35:38","modified_gmt":"2019-03-21T14:35:38","slug":"alpha-blogger","status":"publish","type":"page","link":"https:\/\/www.bloggerjobs.de\/blog\/alpha-blogger\/","title":{"rendered":"Bloglexikon &raquo; Alpha Blogger"},"content":{"rendered":"<p>A-Blogger sind quasi die &#8222;Alpha-Tiere&#8220; oder die Promis unter den Bloggern. Wie auch in der realen Welt gibt es eine Art indirekte Hierarchie in der sonst davon unber\u00fchrten <a href=\"https:\/\/www.bloggerjobs.de\/blog\/lexikon-blogosphaere\/\">Blogosph\u00e4re<\/a>. Gemessen wird die \u201eProminenz\u201c zum Einen an der Anzahl der Besucher bzw. der regelm\u00e4\u00dfigen Leser. Desto mehr, um so h\u00f6her klettert man in den Blog-Top-Listen. Ab ca. 1000 (nat\u00fcrlichen) Besuchern t\u00e4glich, kann man von A-Bloggern reden.<\/p>\n<p><!--adsense#468Adw--><\/p>\n<p>Ganz so einfach, wie dargestellt ist es nat\u00fcrlich nicht. Neben reiner Numerik, spielen auch andere Faktoren eine Rolle. Der Blog des Alpha-Bloggers hat eine gewisse Orientierungs- und Meinungsbildende Funktion f\u00fcr andere. Vielleicht ist es mehr ein kollektives &#8218;Entscheiden&#8216;. Denn ab wann ist in der realen Welt jemand messbar ein Promi? \u201eUnter\u201c den A-Bloggern muss es ja hierarchisch demnach jemand geben. Das sind die sogenannten <a href=\"https:\/\/www.bloggerjobs.de\/blog\/b-blogger\/\">B-Blogger<\/a> und <a href=\"https:\/\/www.bloggerjobs.de\/blog\/lexikon-c-blogger\/\">C-Blogger<\/a>.<\/p>\n<p>&raquo; <a href=\"https:\/\/www.bloggerjobs.de\/blog\/blog-lexikon\/\">zur\u00fcck zu Lexikon \u00dcbersicht<\/a><\/p>\n","protected":false},"excerpt":{"rendered":"<p>A-Blogger sind quasi die &#8222;Alpha-Tiere&#8220; oder die Promis unter den Bloggern. Wie auch in der realen Welt gibt es eine Art indirekte Hierarchie in der sonst davon unber\u00fchrten Blogosph\u00e4re. Gemessen&hellip;<\/p>\n","protected":false},"author":1,"featured_media":0,"parent":0,"menu_order":0,"comment_status":"open","ping_status":"closed","template":"","meta":{"footnotes":""},"class_list":["post-272","page","type-page","status-publish","hentry","no-post-thumbnail"],"aioseo_notices":[],"jetpack_shortlink":"https:\/\/wp.me\/P4h82L-4o","_links":{"self":[{"href":"https:\/\/www.bloggerjobs.de\/blog\/wp-json\/wp\/v2\/pages\/272","targetHints":{"allow":["GET"]}}],"collection":[{"href":"https:\/\/www.bloggerjobs.de\/blog\/wp-json\/wp\/v2\/pages"}],"about":[{"href":"https:\/\/www.bloggerjobs.de\/blog\/wp-json\/wp\/v2\/types\/page"}],"author":[{"embeddable":true,"href":"https:\/\/www.bloggerjobs.de\/blog\/wp-json\/wp\/v2\/users\/1"}],"replies":[{"embeddable":true,"href":"https:\/\/www.bloggerjobs.de\/blog\/wp-json\/wp\/v2\/comments?post=272"}],"version-history":[{"count":0,"href":"https:\/\/www.bloggerjobs.de\/blog\/wp-json\/wp\/v2\/pages\/272\/revisions"}],"wp:attachment":[{"href":"https:\/\/www.bloggerjobs.de\/blog\/wp-json\/wp\/v2\/media?parent=272"}],"curies":[{"name":"wp","href":"https:\/\/api.w.org\/{rel}","templated":true}]}}