{"id":324,"date":"2019-01-26T15:05:10","date_gmt":"2019-01-26T14:05:10","guid":{"rendered":"http:\/\/www.bloggerjobs.de\/blog\/?page_id=324"},"modified":"2019-03-21T15:36:17","modified_gmt":"2019-03-21T14:36:17","slug":"lexikon-blog","status":"publish","type":"page","link":"https:\/\/www.bloggerjobs.de\/blog\/lexikon-blog\/","title":{"rendered":"Bloglexikon &raquo; BLOG"},"content":{"rendered":"<h3>Was ist ein &#8222;Blog&#8220;?<\/h3>\n<p>Der Begriff Blog (Plural Blogs), ist eine Abk\u00fcrzung und stammt von dem Kunstwort \u201eWeblog\u201c ab. Weblog (engl. [\u02c8w\u025bbl\u0252g]) bildete sich im englischen Sprachraum heraus von \u201eweb\u201c &#8211; f\u00fcr Word Wide Web, also dem Internet und \u201elog\u201c &#8211; f\u00fcr Logbuch. Angeblich geht die Bezeichnung auf einen\u00a0 Amerikaner namens Jorn Barger zur\u00fcck, der ca. 1997 eines der ersten Blogs betrieb. Die Begriffe \u201eBlog\u201c und \u201e<a href=\"https:\/\/www.bloggerjobs.de\/blog\/lexikon-blogger\/\">Blogger<\/a>\u201c sind im Sprachgebrauch bereits so gel\u00e4ufig, dass sie es in den Duden geschafft haben. Bereits im Jahre 2011 z\u00e4hlte man weltweit \u00fcber 170 Millionen. Ende 2008 lag die Zahl noch bei rund 20 Millionen &#8211; eine Erfolgsstory also. Allein <a href=\"https:\/\/www.bloggerjobs.de\/blog\/lexikon-wordpress\/\">WordPress<\/a> hostete im Jahr 2013 gut <a href=\"https:\/\/socialmediastatistik.de\/ueber-715-millionen-blogs-bei-wordpress-com\/\" target=\"_blank\" rel=\"noopener noreferrer\">70 Millionen Seiten<\/a>. Wohlgemerkt sind dabei nicht die Projekte mitgez\u00e4hlt, die WordPress als CMS auf eigenem Webspace einsetzen!<\/p>\n<p>Die Funktion eines Blogs ist urspr\u00fcnglich eine Art \u201eTagebuch\u201c im Internet. Alle Eintr\u00e4ge werden mit einem Zeitstempel versehen und sind chronologisch sortiert. Heute gibt es alle m\u00f6gliche Arten, Themen und Funktionen von Blogs. Neben klassischen Textblogs exitieren auch Audioblogs, sogenannte <a href=\"https:\/\/www.bloggerjobs.de\/blog\/lexikon-podcast\/\">Podcasts<\/a>, <a href=\"https:\/\/www.bloggerjobs.de\/blog\/lexikon-videoblog-vblog\/\">Videoblog<\/a> und immer \u00f6fters <a href=\"https:\/\/www.bloggerjobs.de\/blog\/lexikon-moblog\/\">Moblogs<\/a>.<\/p>\n<p><!--adsense#468Adw--><\/p>\n<p>Bis auf die Podcasts, gibt es einige grundlegende Gemeinsamkeiten. Zum Einen, dass es zu den Postings selbst (also den Beitr\u00e4gen) meist eine Kommentarfunktion gibt, die allen interessierten Lesern es erm\u00f6glicht, die eigene Meinung zum Beitrag oder etwa erg\u00e4nzende Informationen beizuf\u00fcgen. Zum Anderen bieten die meisten Blogs sogenannte <a href=\"https:\/\/www.bloggerjobs.de\/blog\/lexikon-rss-feeds\/\">Feeds<\/a> zur alternativen Verbreitung der Inhalte.<\/p>\n<p>In der modernen Medienwelt haben Blogs sogar bereits einige wichtige Funktion. Zumindest vertreten zunehmend Mehr diese Auffassung. Blogs fungieren demnach als eine \u201cneue\u201d Art der Meinungs- und Informationsquellen (neben Twitter &#038; Co.) und treten damit zu den etablierten Medien als weiterer Protagonist und Multiplikator von Informationen aller Art auf. Einige sehen die Entwicklung als Konkurrenz zu klassischen Medien, andere als wertvolle Erg\u00e4nzung. Ein Argument in die letzte Richtung sind z.B. sogenannte \u201eWarblogs\u201c, die ungefiltert von Kriegsschaupl\u00e4tzen in aller Welt berichten.<\/p>\n<p>&raquo; <a href=\"https:\/\/www.bloggerjobs.de\/blog\/blog-lexikon\/\">zur\u00fcck zu Lexikon \u00dcbersicht<\/a><\/p>\n","protected":false},"excerpt":{"rendered":"<p>Was ist ein &#8222;Blog&#8220;? Der Begriff Blog (Plural Blogs), ist eine Abk\u00fcrzung und stammt von dem Kunstwort \u201eWeblog\u201c ab. Weblog (engl. [\u02c8w\u025bbl\u0252g]) bildete sich im englischen Sprachraum heraus von \u201eweb\u201c&hellip;<\/p>\n","protected":false},"author":1,"featured_media":0,"parent":0,"menu_order":0,"comment_status":"open","ping_status":"closed","template":"","meta":{"footnotes":""},"class_list":["post-324","page","type-page","status-publish","hentry","no-post-thumbnail"],"aioseo_notices":[],"jetpack_shortlink":"https:\/\/wp.me\/P4h82L-5e","_links":{"self":[{"href":"https:\/\/www.bloggerjobs.de\/blog\/wp-json\/wp\/v2\/pages\/324","targetHints":{"allow":["GET"]}}],"collection":[{"href":"https:\/\/www.bloggerjobs.de\/blog\/wp-json\/wp\/v2\/pages"}],"about":[{"href":"https:\/\/www.bloggerjobs.de\/blog\/wp-json\/wp\/v2\/types\/page"}],"author":[{"embeddable":true,"href":"https:\/\/www.bloggerjobs.de\/blog\/wp-json\/wp\/v2\/users\/1"}],"replies":[{"embeddable":true,"href":"https:\/\/www.bloggerjobs.de\/blog\/wp-json\/wp\/v2\/comments?post=324"}],"version-history":[{"count":0,"href":"https:\/\/www.bloggerjobs.de\/blog\/wp-json\/wp\/v2\/pages\/324\/revisions"}],"wp:attachment":[{"href":"https:\/\/www.bloggerjobs.de\/blog\/wp-json\/wp\/v2\/media?parent=324"}],"curies":[{"name":"wp","href":"https:\/\/api.w.org\/{rel}","templated":true}]}}