{"id":344,"date":"2019-01-26T15:05:59","date_gmt":"2019-01-26T14:05:59","guid":{"rendered":"http:\/\/www.bloggerjobs.de\/blog\/?page_id=344"},"modified":"2019-03-21T15:38:09","modified_gmt":"2019-03-21T14:38:09","slug":"lexikon-community","status":"publish","type":"page","link":"https:\/\/www.bloggerjobs.de\/blog\/lexikon-community\/","title":{"rendered":"Bloglexikon &raquo; Community"},"content":{"rendered":"<h3>Was ist eine Blog-Community?<\/h3>\n<p>Community bedeutet \u201eGemeinschaft\u201c. Eine solche Gemeinschaft im Internet verbindet viele unterschiedliche Menschen mit gleichen oder \u00e4hnlichen Interessen direkt oder indirekt miteinander. Dies geschieht unabh\u00e4ngig von r\u00e4umlichen und zeitlichen Barrieren. Communities entwickeln nicht selten eigene Werte, Normen und eigene sprachliche Mittel bzw. \u201eSlangs\u201c, die f\u00fcr Evolution und den Bestand der Community wichtig sind. Eine Blog-Community ist demnach eine Gemeinschaft von <a href=\"https:\/\/www.bloggerjobs.de\/blog\/lexikon-blogger\/\">Bloggern<\/a> die etwas bestimmtes Gemeinsames verbindet. <\/p>\n<p><!--adsense#468Adw--><\/p>\n<p>Zum Beispiel das Bloggen an sich oder ein spezielles Thema, wie die Faszination f\u00fcr Apple-Produkte, a la iPhone &#038; Co. Nicht zwingend m\u00fcssen diese in direktem Kontakt stehen und schon gar nicht gemeinsam agieren. Nichts desto trotzt &#8222;kennt&#8220; man sich zumindest in Hinblick auf den Blog. In der Regel bestehen nat\u00fcrlich bei themennahe Seiten durchaus auch Beziehungen untereinander. Sei es wirtschaftlicher oder freundschaftlicher Natur.<\/p>\n<p>&raquo; <a href=\"https:\/\/www.bloggerjobs.de\/blog\/blog-lexikon\/\">zur\u00fcck zu Lexikon \u00dcbersicht<\/a><\/p>\n","protected":false},"excerpt":{"rendered":"<p>Was ist eine Blog-Community? Community bedeutet \u201eGemeinschaft\u201c. Eine solche Gemeinschaft im Internet verbindet viele unterschiedliche Menschen mit gleichen oder \u00e4hnlichen Interessen direkt oder indirekt miteinander. Dies geschieht unabh\u00e4ngig von r\u00e4umlichen&hellip;<\/p>\n","protected":false},"author":1,"featured_media":0,"parent":0,"menu_order":0,"comment_status":"open","ping_status":"closed","template":"","meta":{"footnotes":""},"class_list":["post-344","page","type-page","status-publish","hentry","no-post-thumbnail"],"aioseo_notices":[],"jetpack_shortlink":"https:\/\/wp.me\/P4h82L-5y","_links":{"self":[{"href":"https:\/\/www.bloggerjobs.de\/blog\/wp-json\/wp\/v2\/pages\/344","targetHints":{"allow":["GET"]}}],"collection":[{"href":"https:\/\/www.bloggerjobs.de\/blog\/wp-json\/wp\/v2\/pages"}],"about":[{"href":"https:\/\/www.bloggerjobs.de\/blog\/wp-json\/wp\/v2\/types\/page"}],"author":[{"embeddable":true,"href":"https:\/\/www.bloggerjobs.de\/blog\/wp-json\/wp\/v2\/users\/1"}],"replies":[{"embeddable":true,"href":"https:\/\/www.bloggerjobs.de\/blog\/wp-json\/wp\/v2\/comments?post=344"}],"version-history":[{"count":0,"href":"https:\/\/www.bloggerjobs.de\/blog\/wp-json\/wp\/v2\/pages\/344\/revisions"}],"wp:attachment":[{"href":"https:\/\/www.bloggerjobs.de\/blog\/wp-json\/wp\/v2\/media?parent=344"}],"curies":[{"name":"wp","href":"https:\/\/api.w.org\/{rel}","templated":true}]}}