{"id":348,"date":"2019-03-01T15:06:01","date_gmt":"2019-03-01T14:06:01","guid":{"rendered":"http:\/\/www.bloggerjobs.de\/blog\/?page_id=348"},"modified":"2019-03-06T18:34:22","modified_gmt":"2019-03-06T17:34:22","slug":"lexikon-corporate-blog","status":"publish","type":"page","link":"https:\/\/www.bloggerjobs.de\/blog\/lexikon-corporate-blog\/","title":{"rendered":"Bloglexikon &raquo; Corporate Blog"},"content":{"rendered":"<p>Ein &#8222;Corporate Blog&#8220; ist nichts anderes, als ein <a href=\"https:\/\/www.bloggerjobs.de\/blog\/lexikon-blog\/\">Blog<\/a>, welcher von einem Unternehmen betrieben wird. Schon fr\u00fch wurde in den USA erkannt, dass sich Blogs exzellent f\u00fcr \u201eSocial Media Marketing\u201c eignen und um das Firmenimage zu verbessern. Ziel ist nicht selten, Kunden und potenzielle K\u00e4ufer aktiv einzubeziehen, um Bed\u00fcrfnisse und W\u00fcnsche besser erkennen zu k\u00f6nnen. Im letzteren Fall spricht man auch von Serviceblogs. In Deutschland setzen ebenfalls Unternehmen zunehmend diesen Kommunikationskanal ein. Praktisch jede namhafte Firma setzt dieses Instrument heute ein. Zum Beispiel Vodafone oder O2.<\/p>\n<p>Inhalte und Hintergr\u00fcnde k\u00f6nnen f\u00fcr ein unternehmenseigenen Corporate Blogs k\u00f6nnen allerdings vielf\u00e4ltig sein. Beispielsweise Customer-Relationship-Blogs, in denen durch Schaffung einer Community eine Bindung zu einer bestimmten Marke erreicht werden soll. Popul\u00e4r sind auch Themenblogs und die oben bereits genannten Serviceblogs. Erstere bieten Inhalte f\u00fcr bestimmte Probleme und Angelegenheiten des Alltags.<\/p>\n<p><!--adsense#468Adw--><\/p>\n<p>Ein Beispiel hierzu w\u00e4re ein Gesundheitsthemen-Blog von einem Pharmaunternehmen. Ob der Content solcher Blogs dann allerdings immer unabh\u00e4ngig ist, darf bezweifelt werden. Nicht selten wird dann (verst\u00e4ndlicher Weise) versucht, Ergebnisse von Studien so zu drehen, dass sie ins Marketingkonzept passen. Stichwort die Glaubw\u00fcrdigkeit von Corporate Blogs: Sie liegt erwartungsgem\u00e4\u00df hinter anderen Quellen, aber interessanterweise deutlich vor konventionellen Unternehmens-Internetauftritten. Hierzu gibt es eine interessante <a href=\"https:\/\/www.fob-marketing.de\/marketing-seo-blog\/studie-glaubwuerdigkeit-von-corporate-blogs\/\" target=\"_blank\" rel=\"noopener\">Studie<\/a>.<\/p>\n<p>Es kam auch schon vor, dass Blogs erstellt wurden, ohne das ersichtlich war, welches Unternehmen sich dahinter verbirgt. Nat\u00fcrlich um mehr oder weniger offensichtlich die eigenen Produkte positiv zu platzieren. So lie\u00df einst der L&#8217;Oreal Konzern eine imagin\u00e4re Frau namens Claire \u00fcber <a href=\"https:\/\/redcouch.typepad.com\/weblog\/2005\/06\/case_study_the_.html\" target=\"_blank\" rel=\"noopener\">die eigene Marke Vichy \u201ebloggen\u201c<\/a>. Ebenso kreierte Procter&#038;Gamble eine gefakte Bloggerin als Marketinginstrument. Diese Praktiken wurden jedoch meist schnell entdeckt und kamen als unangenehmes Echo zur\u00fcck. Ein nicht unerheblicher Image-Schaden war die Folge.<\/p>\n<p>&raquo; <a href=\"https:\/\/www.bloggerjobs.de\/blog\/blog-lexikon\/\">zur\u00fcck zu Lexikon \u00dcbersicht<\/a><\/p>\n","protected":false},"excerpt":{"rendered":"<p>Ein &#8222;Corporate Blog&#8220; ist nichts anderes, als ein Blog, welcher von einem Unternehmen betrieben wird. Schon fr\u00fch wurde in den USA erkannt, dass sich Blogs exzellent f\u00fcr \u201eSocial Media Marketing\u201c&hellip;<\/p>\n","protected":false},"author":1,"featured_media":0,"parent":0,"menu_order":0,"comment_status":"open","ping_status":"closed","template":"","meta":{"footnotes":""},"class_list":["post-348","page","type-page","status-publish","hentry","no-post-thumbnail"],"aioseo_notices":[],"jetpack_shortlink":"https:\/\/wp.me\/P4h82L-5C","_links":{"self":[{"href":"https:\/\/www.bloggerjobs.de\/blog\/wp-json\/wp\/v2\/pages\/348","targetHints":{"allow":["GET"]}}],"collection":[{"href":"https:\/\/www.bloggerjobs.de\/blog\/wp-json\/wp\/v2\/pages"}],"about":[{"href":"https:\/\/www.bloggerjobs.de\/blog\/wp-json\/wp\/v2\/types\/page"}],"author":[{"embeddable":true,"href":"https:\/\/www.bloggerjobs.de\/blog\/wp-json\/wp\/v2\/users\/1"}],"replies":[{"embeddable":true,"href":"https:\/\/www.bloggerjobs.de\/blog\/wp-json\/wp\/v2\/comments?post=348"}],"version-history":[{"count":0,"href":"https:\/\/www.bloggerjobs.de\/blog\/wp-json\/wp\/v2\/pages\/348\/revisions"}],"wp:attachment":[{"href":"https:\/\/www.bloggerjobs.de\/blog\/wp-json\/wp\/v2\/media?parent=348"}],"curies":[{"name":"wp","href":"https:\/\/api.w.org\/{rel}","templated":true}]}}