{"id":411,"date":"2019-02-26T15:10:14","date_gmt":"2019-02-26T14:10:14","guid":{"rendered":"http:\/\/www.bloggerjobs.de\/blog\/?page_id=411"},"modified":"2019-03-21T15:40:54","modified_gmt":"2019-03-21T14:40:54","slug":"lexikon-r","status":"publish","type":"page","link":"https:\/\/www.bloggerjobs.de\/blog\/lexikon-r\/","title":{"rendered":"Bloglexikon &raquo; R"},"content":{"rendered":"<p>Hier finden Sie relevante Begriffe zum Buchstaben &#8222;R&#8220;\u00a0aus der Welt der Blogs und Blogger einfach und \u00fcbersichtlich erkl\u00e4rt.<\/p>\n<p><b>Ranking<\/b><br \/>\nDie Stellung einer Seite auf den Trefferlisten von Suchmaschinen ist f\u00fcr viele das wohl elementarste Erfolgskriterium. Zu Recht! Doch welche Faktoren terminieren die Positionen? [<a href=\"https:\/\/www.bloggerjobs.de\/blog\/lexikon-ranking\/\">mehr<\/a>]<\/p>\n<p><b>Responsive Designs<\/b><br \/>\nSie betreiben einen Blog? Und wissen Sie, ob dieser eigentlich auch von Tabletnutzern (gut) gelesen werden kann? [<a href=\"https:\/\/www.bloggerjobs.de\/blog\/lexikon-responsive-design\/\">mehr<\/a>]<\/p>\n<p><b>RSS-Feed<\/b><br \/>\nRSS bedeutet \u201eReally Simple Syndication\u201c. Zu Deutsch soviel wie \u201ewirklich einfache Verbreitung\u201c. RSS ist ein modernes &#8230; [<a href=\"https:\/\/www.bloggerjobs.de\/blog\/lexikon-rss-feeds\/\">mehr<\/a>]<\/p>\n<p><b>Reviews<\/b><br \/>\nSogenannte &#8222;Blog-Reviews&#8220; werden immer h\u00e4ufiger als Marketing-Instrument von Firmen eingesetzt. Geringe Kosten und ein hohes Ma\u00df an Glaubw\u00fcrdigkeit tragen dazu bei, dass die Nachfrage seit Jahren stetig w\u00e4chst. Blogger k\u00f6nnen davon nat\u00fcrlich auch moner\u00e4r profitieren. [<a href=\"https:\/\/www.bloggerjobs.de\/blog\/lexikon-reviews\/\">mehr<\/a>]<\/p>\n<p>&raquo; <a href=\"https:\/\/www.bloggerjobs.de\/blog\/blog-lexikon\/\">zur\u00fcck zu Lexikon \u00dcbersicht<\/a><\/p>\n","protected":false},"excerpt":{"rendered":"<p>Hier finden Sie relevante Begriffe zum Buchstaben &#8222;R&#8220;\u00a0aus der Welt der Blogs und Blogger einfach und \u00fcbersichtlich erkl\u00e4rt. Ranking Die Stellung einer Seite auf den Trefferlisten von Suchmaschinen ist f\u00fcr&hellip;<\/p>\n","protected":false},"author":1,"featured_media":0,"parent":0,"menu_order":0,"comment_status":"open","ping_status":"closed","template":"","meta":{"footnotes":""},"class_list":["post-411","page","type-page","status-publish","hentry","no-post-thumbnail"],"aioseo_notices":[],"jetpack_shortlink":"https:\/\/wp.me\/P4h82L-6D","_links":{"self":[{"href":"https:\/\/www.bloggerjobs.de\/blog\/wp-json\/wp\/v2\/pages\/411","targetHints":{"allow":["GET"]}}],"collection":[{"href":"https:\/\/www.bloggerjobs.de\/blog\/wp-json\/wp\/v2\/pages"}],"about":[{"href":"https:\/\/www.bloggerjobs.de\/blog\/wp-json\/wp\/v2\/types\/page"}],"author":[{"embeddable":true,"href":"https:\/\/www.bloggerjobs.de\/blog\/wp-json\/wp\/v2\/users\/1"}],"replies":[{"embeddable":true,"href":"https:\/\/www.bloggerjobs.de\/blog\/wp-json\/wp\/v2\/comments?post=411"}],"version-history":[{"count":0,"href":"https:\/\/www.bloggerjobs.de\/blog\/wp-json\/wp\/v2\/pages\/411\/revisions"}],"wp:attachment":[{"href":"https:\/\/www.bloggerjobs.de\/blog\/wp-json\/wp\/v2\/media?parent=411"}],"curies":[{"name":"wp","href":"https:\/\/api.w.org\/{rel}","templated":true}]}}