{"id":545,"date":"2019-02-01T17:46:09","date_gmt":"2019-02-01T16:46:09","guid":{"rendered":"http:\/\/www.bloggerjobs.de\/blog\/?page_id=545"},"modified":"2019-03-06T18:38:16","modified_gmt":"2019-03-06T17:38:16","slug":"lexikon-wordpress","status":"publish","type":"page","link":"https:\/\/www.bloggerjobs.de\/blog\/lexikon-wordpress\/","title":{"rendered":"Bloglexikon &raquo; WordPress"},"content":{"rendered":"<h3>WordPress<\/h3>\n<p>Wer einen Blog erstellen will, kommt um ein <a href=\"https:\/\/www.bloggerjobs.de\/blog\/lexikon-blogger-software-cms\/\">Content Management System<\/a>, kurz CMS, nicht herum. WordPress stellt die derzeit am weitesten verbreitete Gratis-Software f\u00fcr Blogsysteme dar, die der Erstellung und Verwaltung von Inhalten eines Blogs oder einer Website dient. Sie ist einfach zu verwenden, zu verwalten und erm\u00f6glicht auch \u201eNeulingen\u201c einen unkomplizierten Einstieg.<\/p>\n<p>WordPress ist nicht nur kostenlos, leicht zu installieren und entspricht dem \u201eState of the Art\u201c, sondern ist auch ganz leicht auf die eigenen Bed\u00fcrfnisse anzupassen. Au\u00dferdem kann man den Artikeln Tags und selbst definierte Meta-Daten zuordnen und auch Kategorien zuweisen. Die Kategorien werden anschlie\u00dfend automatisch auf der Seite angezeigt. Des Weiteren besteht die M\u00f6glichkeit Leserkommentare zu verwalten und verschiedenen Benutzern entsprechende Rollen zuzuweisen.<\/p>\n<p>Mit Hilfe zahlreicher kostenfreier und kostenpflichtiger Plug-Ins, welche f\u00fcr WordPress existieren, lassen sich die Nutzungsm\u00f6glichkeiten und die Funktionalit\u00e4t des CMS m\u00fchelos erweitern. Durch eine gro\u00dfe Bandbreite an verschiedenen Themes kann das Design auf den Nutzen der Seite und die  Belange der Zielgruppe optimal angepasst werden \u2013 und das g\u00e4nzlich ohne Programmierkenntnisse.<\/p>\n<p>&raquo; <a href=\"https:\/\/forum.wpde.org\/\">Download von WordPress und mehr Infos<\/a><br \/>\n&raquo; <a href=\"https:\/\/www.bloggerjobs.de\/blog\/blog-lexikon\/\">zur\u00fcck zu Lexikon \u00dcbersicht<\/a><\/p>\n","protected":false},"excerpt":{"rendered":"<p>WordPress Wer einen Blog erstellen will, kommt um ein Content Management System, kurz CMS, nicht herum. WordPress stellt die derzeit am weitesten verbreitete Gratis-Software f\u00fcr Blogsysteme dar, die der Erstellung&hellip;<\/p>\n","protected":false},"author":1,"featured_media":0,"parent":0,"menu_order":0,"comment_status":"open","ping_status":"closed","template":"","meta":{"footnotes":""},"class_list":["post-545","page","type-page","status-publish","hentry","no-post-thumbnail"],"aioseo_notices":[],"jetpack_shortlink":"https:\/\/wp.me\/P4h82L-8N","_links":{"self":[{"href":"https:\/\/www.bloggerjobs.de\/blog\/wp-json\/wp\/v2\/pages\/545","targetHints":{"allow":["GET"]}}],"collection":[{"href":"https:\/\/www.bloggerjobs.de\/blog\/wp-json\/wp\/v2\/pages"}],"about":[{"href":"https:\/\/www.bloggerjobs.de\/blog\/wp-json\/wp\/v2\/types\/page"}],"author":[{"embeddable":true,"href":"https:\/\/www.bloggerjobs.de\/blog\/wp-json\/wp\/v2\/users\/1"}],"replies":[{"embeddable":true,"href":"https:\/\/www.bloggerjobs.de\/blog\/wp-json\/wp\/v2\/comments?post=545"}],"version-history":[{"count":0,"href":"https:\/\/www.bloggerjobs.de\/blog\/wp-json\/wp\/v2\/pages\/545\/revisions"}],"wp:attachment":[{"href":"https:\/\/www.bloggerjobs.de\/blog\/wp-json\/wp\/v2\/media?parent=545"}],"curies":[{"name":"wp","href":"https:\/\/api.w.org\/{rel}","templated":true}]}}