{"id":553,"date":"2019-02-07T13:22:19","date_gmt":"2019-02-07T12:22:19","guid":{"rendered":"http:\/\/www.bloggerjobs.de\/blog\/?page_id=553"},"modified":"2019-03-21T15:35:35","modified_gmt":"2019-03-21T14:35:35","slug":"lexikon-affiliate-blog","status":"publish","type":"page","link":"https:\/\/www.bloggerjobs.de\/blog\/lexikon-affiliate-blog\/","title":{"rendered":"Bloglexikon &raquo; Affiliate-Blog"},"content":{"rendered":"<h3>Was ist ein &#8222;Affiliate Blog&#8220;?<\/h3>\n<p>Der Begriff \u201eAffiliate Blog\u201c beschreibt die verg\u00fctete Partnerschaft mit einem anderen Blog-, Online-Shop oder Internetseiten-Betreiber. Das Ziel besteht zumeist darin den Traffic zu steigern, neue Kontakte und Umsatz zu generieren oder eine andere &#8211; vorher definierte Interaktion &#8211; durch die Einbindung eines Werbemittels auszul\u00f6sen.<\/p>\n<p>Dabei gibt es einen Anbieter, der im Fachjargon auch als \u201eMerchant\u201c bezeichnet wird, der seine Vertriebspartner, die \u201eAffiliates\u201c, auf Erfolgsbasis verg\u00fctet. Der Affiliate hat die Aufgabe werbend f\u00fcr den Merchant t\u00e4tig zu werden. Hierf\u00fcr stellt der Affiliatebetreiber seinem Partner Werbemittel, wie beispielsweise animierte Banner oder ein Logo, zur Verf\u00fcgung. Diese bindet der Affiliate auf seinem Blog, entsprechend der vorher getroffenen Vereinbarung, ein.<\/p>\n<p><!--adsense#468Adw--><\/p>\n<p>Wenn ein Blog-Besucher darauf klickt, gelangt er auf die Seite des Merchants. Sobald er hier eine vorher vereinbarte Interaktion, den Kauf eines Produktes oder die Inanspruchnahme einer Dienstleistung vornimmt, erh\u00e4lt der Affiliateteilnehmer eine Provision. Die g\u00e4ngigsten Systeme zur Verg\u00fctung sind \u201cPay-per-Click\u201d, \u201cPay-per-Lead\u201d oder \u201cPay-per-Sale\u201d. Grunds\u00e4tzlich ist zu beachten, dass bezahlte Werbung von Usern schnell erkannt wird. Zu viel Werbung schadet dem Image des Blogs und kann f\u00fcr sinkende Besucherzahlen verantwortlich sein. Um die Blog-Besucher nicht zu vergr\u00e4men, sollte nat\u00fcrlich immer relevanter Content im Fokus stehen und Werbung jeder Art sparsam eingesetzt werden. Genauer gesagt dosiert und gezielt. Schreibt man z.B. ein gro\u00dfes Spezial \u00fcber geeignete <a href=\"https:\/\/www.bloggerjobs.de\/blog\/lexikon-bloghoster\/\">Webseitenhoster f\u00fcr Blogger<\/a>, kann ein durch eigene Erfahrung als besonders gut beurteilter per Affiliate-Link beworben werden. So steht die Werbung auch im Kontext eines Zusatznutzens f\u00fcr den Leser.<\/p>\n<p>&raquo; <a href=\"https:\/\/www.bloggerjobs.de\/blog\/blog-lexikon\/\">zur\u00fcck zu Lexikon \u00dcbersicht<\/a><\/p>\n","protected":false},"excerpt":{"rendered":"<p>Was ist ein &#8222;Affiliate Blog&#8220;? Der Begriff \u201eAffiliate Blog\u201c beschreibt die verg\u00fctete Partnerschaft mit einem anderen Blog-, Online-Shop oder Internetseiten-Betreiber. Das Ziel besteht zumeist darin den Traffic zu steigern, neue&hellip;<\/p>\n","protected":false},"author":1,"featured_media":0,"parent":0,"menu_order":0,"comment_status":"open","ping_status":"closed","template":"","meta":{"footnotes":""},"class_list":["post-553","page","type-page","status-publish","hentry","no-post-thumbnail"],"aioseo_notices":[],"jetpack_shortlink":"https:\/\/wp.me\/P4h82L-8V","_links":{"self":[{"href":"https:\/\/www.bloggerjobs.de\/blog\/wp-json\/wp\/v2\/pages\/553","targetHints":{"allow":["GET"]}}],"collection":[{"href":"https:\/\/www.bloggerjobs.de\/blog\/wp-json\/wp\/v2\/pages"}],"about":[{"href":"https:\/\/www.bloggerjobs.de\/blog\/wp-json\/wp\/v2\/types\/page"}],"author":[{"embeddable":true,"href":"https:\/\/www.bloggerjobs.de\/blog\/wp-json\/wp\/v2\/users\/1"}],"replies":[{"embeddable":true,"href":"https:\/\/www.bloggerjobs.de\/blog\/wp-json\/wp\/v2\/comments?post=553"}],"version-history":[{"count":0,"href":"https:\/\/www.bloggerjobs.de\/blog\/wp-json\/wp\/v2\/pages\/553\/revisions"}],"wp:attachment":[{"href":"https:\/\/www.bloggerjobs.de\/blog\/wp-json\/wp\/v2\/media?parent=553"}],"curies":[{"name":"wp","href":"https:\/\/api.w.org\/{rel}","templated":true}]}}