{"id":579,"date":"2019-02-07T15:00:22","date_gmt":"2019-02-07T14:00:22","guid":{"rendered":"http:\/\/www.bloggerjobs.de\/blog\/?page_id=579"},"modified":"2019-03-21T15:41:13","modified_gmt":"2019-03-21T14:41:13","slug":"lexikon-ranking","status":"publish","type":"page","link":"https:\/\/www.bloggerjobs.de\/blog\/lexikon-ranking\/","title":{"rendered":"Bloglexikon &raquo; Ranking"},"content":{"rendered":"<p>Der Begriff \u201eRanking\u201c beschreibt die Bildung einer Rangordnung von Suchmaschinen-Ergebnissen auf Basis eines Ranking-Algorithmus. Damit ein Blog auf den vorderen Pl\u00e4tzen der Suchmaschinen-Ergebnisseiten auftaucht, ist es notwendig m\u00f6gliche bzw. g\u00e4ngige Rankingfaktoren zu kennen und Ma\u00dfnahmen im Hinblick auf die Suchmaschinenoptimierung (SEO) zu ergreifen. Das Ziel des Suchmaschinen-Betreibers besteht darin, die Seiten mit der h\u00f6chsten Relevanz in den Ergebnissen weit oben anzuzeigen. <\/p>\n<p>Jede Suchmaschine verwendet hierf\u00fcr andere Algorithmen. Aufgrund dessen werden Websites bei den Ergebnisseiten verschiedener Suchmaschinen auch in verschiedenen Positionen gerankt. <\/p>\n<p>Bei der Suchmaschine \u201eGoogle\u201c flie\u00dfen rund 200 Kriterien in das Ranking ein. Die Qualit\u00e4t und Anzahl relevanter Backlinks ist nur einer davon, wenn auch ein sehr gewichtiger.<\/p>\n<p><!--adsense#468Adw--><\/p>\n<p>Dieser Ranking-Faktor wird auch als <a href=\"https:\/\/www.bloggerjobs.de\/blog\/lexikon-linkpopularitaet\/\">Linkpolularit\u00e4t<\/a> bezeichnet. Mit Hilfe der &#8222;Linkpop&#8220;, wird von Google durch den PageRank berechnet. Welches Kriterium wie stark gewichtet wird, ist jedoch nicht bekannt. Fakt ist aber, dass es viele Stellschrauben gibt, mit Hilfe derer Onpage (= auf der Website selbst) und Offpage (= au\u00dferhalb der Website) das Ranking aktiv positiv beeinflusst werden kann. Das Ranking kann f\u00fcr den Erfolg einer Website ma\u00dfgebend sein.<\/p>\n<p>&raquo; <a href=\"https:\/\/www.bloggerjobs.de\/blog\/blog-lexikon\/\">zur\u00fcck zu Lexikon \u00dcbersicht<\/a><\/p>\n","protected":false},"excerpt":{"rendered":"<p>Der Begriff \u201eRanking\u201c beschreibt die Bildung einer Rangordnung von Suchmaschinen-Ergebnissen auf Basis eines Ranking-Algorithmus. Damit ein Blog auf den vorderen Pl\u00e4tzen der Suchmaschinen-Ergebnisseiten auftaucht, ist es notwendig m\u00f6gliche bzw. g\u00e4ngige&hellip;<\/p>\n","protected":false},"author":1,"featured_media":0,"parent":0,"menu_order":0,"comment_status":"open","ping_status":"closed","template":"","meta":{"footnotes":""},"class_list":["post-579","page","type-page","status-publish","hentry","no-post-thumbnail"],"aioseo_notices":[],"jetpack_shortlink":"https:\/\/wp.me\/P4h82L-9l","_links":{"self":[{"href":"https:\/\/www.bloggerjobs.de\/blog\/wp-json\/wp\/v2\/pages\/579","targetHints":{"allow":["GET"]}}],"collection":[{"href":"https:\/\/www.bloggerjobs.de\/blog\/wp-json\/wp\/v2\/pages"}],"about":[{"href":"https:\/\/www.bloggerjobs.de\/blog\/wp-json\/wp\/v2\/types\/page"}],"author":[{"embeddable":true,"href":"https:\/\/www.bloggerjobs.de\/blog\/wp-json\/wp\/v2\/users\/1"}],"replies":[{"embeddable":true,"href":"https:\/\/www.bloggerjobs.de\/blog\/wp-json\/wp\/v2\/comments?post=579"}],"version-history":[{"count":0,"href":"https:\/\/www.bloggerjobs.de\/blog\/wp-json\/wp\/v2\/pages\/579\/revisions"}],"wp:attachment":[{"href":"https:\/\/www.bloggerjobs.de\/blog\/wp-json\/wp\/v2\/media?parent=579"}],"curies":[{"name":"wp","href":"https:\/\/api.w.org\/{rel}","templated":true}]}}