{"id":601,"date":"2019-02-07T15:45:46","date_gmt":"2019-02-07T14:45:46","guid":{"rendered":"http:\/\/www.bloggerjobs.de\/blog\/?page_id=601"},"modified":"2019-03-06T18:40:33","modified_gmt":"2019-03-06T17:40:33","slug":"lexikon-visits-und-views","status":"publish","type":"page","link":"https:\/\/www.bloggerjobs.de\/blog\/lexikon-visits-und-views\/","title":{"rendered":"Bloglexikon &raquo; Visits und Views"},"content":{"rendered":"<h3>Was sind Visits und Views?<\/h3>\n<p>Hierbei handelt es sich um wesentliche Kennzahlen aus dem Bereich &#8222;Web-Controlling&#8220;, um die Effektivit\u00e4t und Effizienz der eingesetzten Online-Marketing-Ma\u00dfnahmen, wie beispielsweise einem Blog, zu \u00fcberpr\u00fcfen. Damit die Ergebnisse im Rahmen des Controllings richtig interpretiert werden ist es wichtig zu wissen, was die einzelnen Kennzahlen aussagen.<\/p>\n<p>\u201cVisit\u201c definieren die Anzahl der Besucher auf einem Blog oder einer Website und gibt einen Absolutwert an. Ein Visit beschreibt die Nutzung eines Web-Angebots und definiert den Kontakt mit einem Webetr\u00e4ger, wie z.B. einem Banner im Kopf der Seite. Neu- und Mehrfachaufrufe der Website k\u00f6nnen dabei nicht differenziert werden, wenn der Besucher nach mehr als 30 Minuten erneut auf die Seite zur\u00fcckkehrt. Somit entspricht die Anzahl der Visits nicht der Anzahl der User, die zum ersten Mal auf die Seite gelangen.<\/p>\n<p><!--adsense#468Adw--><\/p>\n<p>Die Kennzahl \u201eViews\u201c, oder auch \u201ePage Views\u201c genannt, gibt den Sichtkontakt mit einer Seite an und zeigt, wie viele komplette Seitenaufrufe vorgenommen wurden. Eine vollst\u00e4ndig geladene Seite erzeugt also einen Views, unabh\u00e4ngig davon, wie viele Elemente diese Seite enth\u00e4lt. Die Aussagekraft der Views ist jedoch sehr von den verwendeten Mess-Instrumenten abh\u00e4ngig und f\u00fcr das Controlling nur bedingt, bzw. in Kombination mit anderen Kennzahlen, geeignet. Von Relevanz ist das Datum daher in erster Linie als &#8222;Gradmesser&#8220; f\u00fcr die Entwicklung einer Seite und nat\u00fcrlich als Berechnungsbasis f\u00fcr faire Werbepreise. Etwa zur Bestimmung von Tausender-Kontakt-Preisen.<\/p>\n<p>&raquo; <a href=\"https:\/\/www.bloggerjobs.de\/blog\/blog-lexikon\/\">zur\u00fcck zu Lexikon \u00dcbersicht<\/a><\/p>\n","protected":false},"excerpt":{"rendered":"<p>Was sind Visits und Views? Hierbei handelt es sich um wesentliche Kennzahlen aus dem Bereich &#8222;Web-Controlling&#8220;, um die Effektivit\u00e4t und Effizienz der eingesetzten Online-Marketing-Ma\u00dfnahmen, wie beispielsweise einem Blog, zu \u00fcberpr\u00fcfen.&hellip;<\/p>\n","protected":false},"author":1,"featured_media":0,"parent":0,"menu_order":0,"comment_status":"open","ping_status":"closed","template":"","meta":{"footnotes":""},"class_list":["post-601","page","type-page","status-publish","hentry","no-post-thumbnail"],"aioseo_notices":[],"jetpack_shortlink":"https:\/\/wp.me\/P4h82L-9H","_links":{"self":[{"href":"https:\/\/www.bloggerjobs.de\/blog\/wp-json\/wp\/v2\/pages\/601","targetHints":{"allow":["GET"]}}],"collection":[{"href":"https:\/\/www.bloggerjobs.de\/blog\/wp-json\/wp\/v2\/pages"}],"about":[{"href":"https:\/\/www.bloggerjobs.de\/blog\/wp-json\/wp\/v2\/types\/page"}],"author":[{"embeddable":true,"href":"https:\/\/www.bloggerjobs.de\/blog\/wp-json\/wp\/v2\/users\/1"}],"replies":[{"embeddable":true,"href":"https:\/\/www.bloggerjobs.de\/blog\/wp-json\/wp\/v2\/comments?post=601"}],"version-history":[{"count":0,"href":"https:\/\/www.bloggerjobs.de\/blog\/wp-json\/wp\/v2\/pages\/601\/revisions"}],"wp:attachment":[{"href":"https:\/\/www.bloggerjobs.de\/blog\/wp-json\/wp\/v2\/media?parent=601"}],"curies":[{"name":"wp","href":"https:\/\/api.w.org\/{rel}","templated":true}]}}