{"id":622,"date":"2019-01-08T12:45:20","date_gmt":"2019-01-08T11:45:20","guid":{"rendered":"http:\/\/www.bloggerjobs.de\/blog\/?page_id=622"},"modified":"2019-03-21T15:43:48","modified_gmt":"2019-03-21T14:43:48","slug":"bloglexikon-z","status":"publish","type":"page","link":"https:\/\/www.bloggerjobs.de\/blog\/bloglexikon-z\/","title":{"rendered":"Bloglexikon &raquo; Z"},"content":{"rendered":"<p>Hier finden Sie in unserem Bloggerlexikon relevante Stichw\u00f6rter zum Buchstaben &#8222;Z&#8220;.<\/p>\n<p><b>Zielgruppe<\/b><br \/>\nEin Blog sollte sich an einen bestimmten Adressatenbereich richten &#8211; die sogenannte Zielgruppe. [<a href=\"https:\/\/www.bloggerjobs.de\/blog\/lexikon-zielgruppe\/\">mehr<\/a>]<\/p>\n<p><b>Zwischen\u00fcberschriften<\/b><br \/>\nEine geschickte Formatierung der Blogbeitr\u00e4ge ist f\u00fcr die Lesbarkeit eines Textes elementar und erleichtert den Besuchern das Auffinden der f\u00fcr sie relevanten Informationen. Zwischen\u00fcberschriften bilden dabei ein wichtiges Instrument, welches zudem SEO-relevant ist. [<a href=\"https:\/\/www.bloggerjobs.de\/blog\/lexikon-zwischenueberschriften\/\">mehr<\/a>]<\/p>\n<p>&raquo; <a href=\"https:\/\/www.bloggerjobs.de\/blog\/blog-lexikon\/\">zur\u00fcck zu Lexikon \u00dcbersicht<\/a><\/p>\n","protected":false},"excerpt":{"rendered":"<p>Hier finden Sie in unserem Bloggerlexikon relevante Stichw\u00f6rter zum Buchstaben &#8222;Z&#8220;. Zielgruppe Ein Blog sollte sich an einen bestimmten Adressatenbereich richten &#8211; die sogenannte Zielgruppe. [mehr] Zwischen\u00fcberschriften Eine geschickte Formatierung&hellip;<\/p>\n","protected":false},"author":1,"featured_media":0,"parent":0,"menu_order":0,"comment_status":"open","ping_status":"closed","template":"","meta":{"footnotes":""},"class_list":["post-622","page","type-page","status-publish","hentry","no-post-thumbnail"],"aioseo_notices":[],"jetpack_shortlink":"https:\/\/wp.me\/P4h82L-a2","_links":{"self":[{"href":"https:\/\/www.bloggerjobs.de\/blog\/wp-json\/wp\/v2\/pages\/622","targetHints":{"allow":["GET"]}}],"collection":[{"href":"https:\/\/www.bloggerjobs.de\/blog\/wp-json\/wp\/v2\/pages"}],"about":[{"href":"https:\/\/www.bloggerjobs.de\/blog\/wp-json\/wp\/v2\/types\/page"}],"author":[{"embeddable":true,"href":"https:\/\/www.bloggerjobs.de\/blog\/wp-json\/wp\/v2\/users\/1"}],"replies":[{"embeddable":true,"href":"https:\/\/www.bloggerjobs.de\/blog\/wp-json\/wp\/v2\/comments?post=622"}],"version-history":[{"count":0,"href":"https:\/\/www.bloggerjobs.de\/blog\/wp-json\/wp\/v2\/pages\/622\/revisions"}],"wp:attachment":[{"href":"https:\/\/www.bloggerjobs.de\/blog\/wp-json\/wp\/v2\/media?parent=622"}],"curies":[{"name":"wp","href":"https:\/\/api.w.org\/{rel}","templated":true}]}}